{"id":30276,"date":"2023-06-26T13:58:33","date_gmt":"2023-06-26T11:58:33","guid":{"rendered":"https:\/\/domusangari.lv\/socialine-atsakomybe\/"},"modified":"2023-06-26T13:58:34","modified_gmt":"2023-06-26T11:58:34","slug":"socialine-atsakomybe","status":"publish","type":"page","link":"https:\/\/domusangari.lv\/lt\/socialine-atsakomybe\/","title":{"rendered":"Socialin\u0117 atsakomyb\u0117"},"content":{"rendered":"\t\t<div data-elementor-type=\"wp-page\" data-elementor-id=\"30276\" class=\"elementor elementor-30276 elementor-28401\" data-elementor-post-type=\"page\">\n\t\t\t\t\t\t<section class=\"elementor-section elementor-top-section elementor-element elementor-element-c539cd7 elementor-section-boxed elementor-section-height-default elementor-section-height-default\" data-id=\"c539cd7\" data-element_type=\"section\" data-e-type=\"section\" data-settings=\"{&quot;background_background&quot;:&quot;classic&quot;}\">\n\t\t\t\t\t\t<div class=\"elementor-container elementor-column-gap-default\">\n\t\t\t\t\t<div class=\"elementor-column elementor-col-100 elementor-top-column elementor-element elementor-element-dcbcecc\" data-id=\"dcbcecc\" data-element_type=\"column\" data-e-type=\"column\">\n\t\t\t<div class=\"elementor-widget-wrap elementor-element-populated\">\n\t\t\t\t\t\t<div class=\"elementor-element elementor-element-d510e61 elementor-widget elementor-widget-heading\" data-id=\"d510e61\" data-element_type=\"widget\" data-e-type=\"widget\" data-widget_type=\"heading.default\">\n\t\t\t\t<div class=\"elementor-widget-container\">\n\t\t\t\t\t<h1 class=\"elementor-heading-title elementor-size-default\">Socialin\u0117 atsakomyb\u0117<\/h1>\t\t\t\t<\/div>\n\t\t\t\t<\/div>\n\t\t\t\t<div class=\"elementor-element elementor-element-1ebc672 elementor-widget elementor-widget-text-editor\" data-id=\"1ebc672\" data-element_type=\"widget\" data-e-type=\"widget\" data-widget_type=\"text-editor.default\">\n\t\t\t\t<div class=\"elementor-widget-container\">\n\t\t\t\t\t\t\t\t\t<p>&#8222;Domus Ang\u0101ri&#8221; yra socialiai atsakinga \u012fmon\u0117 &#8211; kiekvien\u0105 m\u0117nes\u012f padedame kelioms \u0161eimoms visoje Latvijoje. Paramos paskirtis \u012fvairi &#8211; remontui, maistui, mokyklin\u0117ms prek\u0117ms, kompiuteriams ir \u012fvairiais kitais b\u016bdais pad\u0117ti pagerinti ma\u017eas pajamas gaunan\u010di\u0173 \u0161eim\u0173 gyvenim\u0105, kasdienyb\u0119 ir s\u0105lygas Latvijoje. Taip pat kvie\u010diame savo bendradarbiavimo partnerius ir kolegas prisijungti prie m\u016bs\u0173 ger\u0173 darb\u0173, kad kartu padarytume Latvij\u0105 geresne vieta ir gautume pasitenkinim\u0105 bei \u0161irdies \u0161ilum\u0105 u\u017e nuveiktus darbus!<\/p>\n\t\t\t\t\t\t\t\t<\/div>\n\t\t\t\t<\/div>\n\t\t\t\t\t<\/div>\n\t\t<\/div>\n\t\t\t\t\t<\/div>\n\t\t<\/section>\n\t\t\t\t<section class=\"elementor-section elementor-top-section elementor-element elementor-element-494034b elementor-section-boxed elementor-section-height-default elementor-section-height-default\" data-id=\"494034b\" data-element_type=\"section\" data-e-type=\"section\">\n\t\t\t\t\t\t<div class=\"elementor-container elementor-column-gap-default\">\n\t\t\t\t\t<div class=\"elementor-column elementor-col-100 elementor-top-column elementor-element elementor-element-658b412\" data-id=\"658b412\" data-element_type=\"column\" data-e-type=\"column\">\n\t\t\t<div class=\"elementor-widget-wrap elementor-element-populated\">\n\t\t\t\t\t\t<div class=\"elementor-element elementor-element-7a3b400 eael_liquid_glass-effect1 eael_liquid_glass_shadow-effect1 elementor-widget elementor-widget-jet-listing-grid\" data-id=\"7a3b400\" data-element_type=\"widget\" data-e-type=\"widget\" data-settings=\"{&quot;columns&quot;:&quot;1&quot;}\" data-widget_type=\"jet-listing-grid.default\">\n\t\t\t\t<div class=\"elementor-widget-container\">\n\t\t\t\t\t<div class=\"jet-listing-grid jet-listing\"><div class=\"jet-listing-not-found jet-listing-grid__items\" data-nav=\"{&quot;enabled&quot;:false,&quot;type&quot;:null,&quot;more_el&quot;:null,&quot;query&quot;:[],&quot;widget_settings&quot;:{&quot;lisitng_id&quot;:28417,&quot;posts_num&quot;:6,&quot;columns&quot;:1,&quot;columns_tablet&quot;:1,&quot;columns_mobile&quot;:1,&quot;is_archive_template&quot;:&quot;&quot;,&quot;post_status&quot;:[&quot;publish&quot;],&quot;use_random_posts_num&quot;:&quot;&quot;,&quot;max_posts_num&quot;:9,&quot;not_found_message&quot;:&quot;Duomen\\u0173 n\\u0117ra&quot;,&quot;is_masonry&quot;:false,&quot;equal_columns_height&quot;:&quot;&quot;,&quot;use_load_more&quot;:&quot;&quot;,&quot;load_more_id&quot;:&quot;&quot;,&quot;load_more_type&quot;:&quot;click&quot;,&quot;load_more_offset&quot;:{&quot;unit&quot;:&quot;px&quot;,&quot;size&quot;:0,&quot;sizes&quot;:[]},&quot;use_custom_post_types&quot;:&quot;&quot;,&quot;custom_post_types&quot;:[],&quot;hide_widget_if&quot;:&quot;&quot;,&quot;carousel_enabled&quot;:&quot;&quot;,&quot;slides_to_scroll&quot;:&quot;1&quot;,&quot;arrows&quot;:&quot;true&quot;,&quot;arrow_icon&quot;:&quot;fa fa-angle-left&quot;,&quot;dots&quot;:&quot;&quot;,&quot;autoplay&quot;:&quot;true&quot;,&quot;pause_on_hover&quot;:&quot;true&quot;,&quot;autoplay_speed&quot;:5000,&quot;infinite&quot;:&quot;true&quot;,&quot;center_mode&quot;:&quot;&quot;,&quot;effect&quot;:&quot;slide&quot;,&quot;speed&quot;:500,&quot;inject_alternative_items&quot;:&quot;&quot;,&quot;injection_items&quot;:[],&quot;scroll_slider_enabled&quot;:&quot;&quot;,&quot;scroll_slider_on&quot;:[&quot;desktop&quot;,&quot;tablet&quot;,&quot;mobile&quot;],&quot;custom_query&quot;:false,&quot;custom_query_id&quot;:&quot;&quot;,&quot;_element_id&quot;:&quot;&quot;}}\" data-queried-id=\"30276|WP_Post\">Duomen\u0173 n\u0117ra<\/div><\/div>\t\t\t\t<\/div>\n\t\t\t\t<\/div>\n\t\t\t\t\t<\/div>\n\t\t<\/div>\n\t\t\t\t\t<\/div>\n\t\t<\/section>\n\t\t\t\t<\/div>\n\t\t","protected":false},"excerpt":{"rendered":"<p>Socialin\u0117 atsakomyb\u0117 &#8222;Domus Ang\u0101ri&#8221; yra socialiai atsakinga \u012fmon\u0117 &#8211; kiekvien\u0105 m\u0117nes\u012f padedame kelioms \u0161eimoms visoje Latvijoje. Paramos paskirtis \u012fvairi &#8211; remontui, maistui, mokyklin\u0117ms prek\u0117ms, kompiuteriams ir \u012fvairiais kitais b\u016bdais pad\u0117ti pagerinti ma\u017eas pajamas gaunan\u010di\u0173 \u0161eim\u0173 gyvenim\u0105, kasdienyb\u0119 ir s\u0105lygas Latvijoje. Taip pat kvie\u010diame savo bendradarbiavimo partnerius ir kolegas prisijungti prie m\u016bs\u0173 ger\u0173 darb\u0173, kad kartu [&hellip;]<\/p>\n","protected":false},"author":1,"featured_media":0,"parent":0,"menu_order":0,"comment_status":"closed","ping_status":"closed","template":"","meta":{"content-type":"","ocean_post_layout":"","ocean_both_sidebars_style":"","ocean_both_sidebars_content_width":0,"ocean_both_sidebars_sidebars_width":0,"ocean_sidebar":"0","ocean_second_sidebar":"0","ocean_disable_margins":"enable","ocean_add_body_class":"","ocean_shortcode_before_top_bar":"","ocean_shortcode_after_top_bar":"","ocean_shortcode_before_header":"","ocean_shortcode_after_header":"","ocean_has_shortcode":"","ocean_shortcode_after_title":"","ocean_shortcode_before_footer_widgets":"","ocean_shortcode_after_footer_widgets":"","ocean_shortcode_before_footer_bottom":"","ocean_shortcode_after_footer_bottom":"","ocean_display_top_bar":"default","ocean_display_header":"default","ocean_header_style":"","ocean_center_header_left_menu":"0","ocean_custom_header_template":"0","ocean_custom_logo":0,"ocean_custom_retina_logo":0,"ocean_custom_logo_max_width":0,"ocean_custom_logo_tablet_max_width":0,"ocean_custom_logo_mobile_max_width":0,"ocean_custom_logo_max_height":0,"ocean_custom_logo_tablet_max_height":0,"ocean_custom_logo_mobile_max_height":0,"ocean_header_custom_menu":"0","ocean_menu_typo_font_family":"0","ocean_menu_typo_font_subset":"","ocean_menu_typo_font_size":0,"ocean_menu_typo_font_size_tablet":0,"ocean_menu_typo_font_size_mobile":0,"ocean_menu_typo_font_size_unit":"px","ocean_menu_typo_font_weight":"","ocean_menu_typo_font_weight_tablet":"","ocean_menu_typo_font_weight_mobile":"","ocean_menu_typo_transform":"","ocean_menu_typo_transform_tablet":"","ocean_menu_typo_transform_mobile":"","ocean_menu_typo_line_height":0,"ocean_menu_typo_line_height_tablet":0,"ocean_menu_typo_line_height_mobile":0,"ocean_menu_typo_line_height_unit":"","ocean_menu_typo_spacing":0,"ocean_menu_typo_spacing_tablet":0,"ocean_menu_typo_spacing_mobile":0,"ocean_menu_typo_spacing_unit":"","ocean_menu_link_color":"","ocean_menu_link_color_hover":"","ocean_menu_link_color_active":"","ocean_menu_link_background":"","ocean_menu_link_hover_background":"","ocean_menu_link_active_background":"","ocean_menu_social_links_bg":"","ocean_menu_social_hover_links_bg":"","ocean_menu_social_links_color":"","ocean_menu_social_hover_links_color":"","ocean_disable_title":"default","ocean_disable_heading":"default","ocean_post_title":"","ocean_post_subheading":"","ocean_post_title_style":"","ocean_post_title_background_color":"","ocean_post_title_background":0,"ocean_post_title_bg_image_position":"","ocean_post_title_bg_image_attachment":"","ocean_post_title_bg_image_repeat":"","ocean_post_title_bg_image_size":"","ocean_post_title_height":0,"ocean_post_title_bg_overlay":0.5,"ocean_post_title_bg_overlay_color":"","ocean_disable_breadcrumbs":"default","ocean_breadcrumbs_color":"","ocean_breadcrumbs_separator_color":"","ocean_breadcrumbs_links_color":"","ocean_breadcrumbs_links_hover_color":"","ocean_display_footer_widgets":"default","ocean_display_footer_bottom":"default","ocean_custom_footer_template":"0","footnotes":""},"class_list":["post-30276","page","type-page","status-publish","hentry","entry"],"yoast_head":"<!-- This site is optimized with the Yoast SEO plugin v27.5 - https:\/\/yoast.com\/product\/yoast-seo-wordpress\/ -->\n<title>Socialin\u0117 atsakomyb\u0117 - Domus Ang\u0101ri<\/title>\n<meta name=\"robots\" content=\"index, follow, max-snippet:-1, max-image-preview:large, max-video-preview:-1\" \/>\n<link rel=\"canonical\" href=\"https:\/\/domusangari.lv\/lt\/socialine-atsakomybe\/\" \/>\n<meta property=\"og:locale\" content=\"lt_LT\" \/>\n<meta property=\"og:type\" content=\"article\" \/>\n<meta property=\"og:title\" content=\"Socialin\u0117 atsakomyb\u0117 - Domus Ang\u0101ri\" \/>\n<meta property=\"og:description\" content=\"Socialin\u0117 atsakomyb\u0117 &#8222;Domus Ang\u0101ri&#8221; yra socialiai atsakinga \u012fmon\u0117 &#8211; kiekvien\u0105 m\u0117nes\u012f padedame kelioms \u0161eimoms visoje Latvijoje. Paramos paskirtis \u012fvairi &#8211; remontui, maistui, mokyklin\u0117ms prek\u0117ms, kompiuteriams ir \u012fvairiais kitais b\u016bdais pad\u0117ti pagerinti ma\u017eas pajamas gaunan\u010di\u0173 \u0161eim\u0173 gyvenim\u0105, kasdienyb\u0119 ir s\u0105lygas Latvijoje. Taip pat kvie\u010diame savo bendradarbiavimo partnerius ir kolegas prisijungti prie m\u016bs\u0173 ger\u0173 darb\u0173, kad kartu [&hellip;]\" \/>\n<meta property=\"og:url\" content=\"https:\/\/domusangari.lv\/lt\/socialine-atsakomybe\/\" \/>\n<meta property=\"og:site_name\" content=\"Domus Ang\u0101ri\" \/>\n<meta property=\"article:modified_time\" content=\"2023-06-26T11:58:34+00:00\" \/>\n<meta name=\"twitter:card\" content=\"summary_large_image\" \/>\n<script type=\"application\/ld+json\" class=\"yoast-schema-graph\">{\"@context\":\"https:\\\/\\\/schema.org\",\"@graph\":[{\"@type\":\"WebPage\",\"@id\":\"https:\\\/\\\/domusangari.lv\\\/lt\\\/socialine-atsakomybe\\\/\",\"url\":\"https:\\\/\\\/domusangari.lv\\\/lt\\\/socialine-atsakomybe\\\/\",\"name\":\"Socialin\u0117 atsakomyb\u0117 - Domus Ang\u0101ri\",\"isPartOf\":{\"@id\":\"https:\\\/\\\/domusangari.lv\\\/lt\\\/#website\"},\"datePublished\":\"2023-06-26T11:58:33+00:00\",\"dateModified\":\"2023-06-26T11:58:34+00:00\",\"breadcrumb\":{\"@id\":\"https:\\\/\\\/domusangari.lv\\\/lt\\\/socialine-atsakomybe\\\/#breadcrumb\"},\"inLanguage\":\"lt-LT\",\"potentialAction\":[{\"@type\":\"ReadAction\",\"target\":[\"https:\\\/\\\/domusangari.lv\\\/lt\\\/socialine-atsakomybe\\\/\"]}]},{\"@type\":\"BreadcrumbList\",\"@id\":\"https:\\\/\\\/domusangari.lv\\\/lt\\\/socialine-atsakomybe\\\/#breadcrumb\",\"itemListElement\":[{\"@type\":\"ListItem\",\"position\":1,\"name\":\"Home\",\"item\":\"https:\\\/\\\/domusangari.lv\\\/lt\\\/\"},{\"@type\":\"ListItem\",\"position\":2,\"name\":\"Socialin\u0117 atsakomyb\u0117\"}]},{\"@type\":\"WebSite\",\"@id\":\"https:\\\/\\\/domusangari.lv\\\/lt\\\/#website\",\"url\":\"https:\\\/\\\/domusangari.lv\\\/lt\\\/\",\"name\":\"Domus Ang\u0101ri\",\"description\":\"\",\"publisher\":{\"@id\":\"https:\\\/\\\/domusangari.lv\\\/lt\\\/#organization\"},\"potentialAction\":[{\"@type\":\"SearchAction\",\"target\":{\"@type\":\"EntryPoint\",\"urlTemplate\":\"https:\\\/\\\/domusangari.lv\\\/lt\\\/?s={search_term_string}\"},\"query-input\":{\"@type\":\"PropertyValueSpecification\",\"valueRequired\":true,\"valueName\":\"search_term_string\"}}],\"inLanguage\":\"lt-LT\"},{\"@type\":\"Organization\",\"@id\":\"https:\\\/\\\/domusangari.lv\\\/lt\\\/#organization\",\"name\":\"Domus Ang\u0101ri\",\"url\":\"https:\\\/\\\/domusangari.lv\\\/lt\\\/\",\"logo\":{\"@type\":\"ImageObject\",\"inLanguage\":\"lt-LT\",\"@id\":\"https:\\\/\\\/domusangari.lv\\\/lt\\\/#\\\/schema\\\/logo\\\/image\\\/\",\"url\":\"https:\\\/\\\/domusangari.lv\\\/wp-content\\\/uploads\\\/2021\\\/05\\\/domus-logo-3.png\",\"contentUrl\":\"https:\\\/\\\/domusangari.lv\\\/wp-content\\\/uploads\\\/2021\\\/05\\\/domus-logo-3.png\",\"width\":854,\"height\":404,\"caption\":\"Domus Ang\u0101ri\"},\"image\":{\"@id\":\"https:\\\/\\\/domusangari.lv\\\/lt\\\/#\\\/schema\\\/logo\\\/image\\\/\"}}]}<\/script>\n<!-- \/ Yoast SEO plugin. -->","yoast_head_json":{"title":"Socialin\u0117 atsakomyb\u0117 - Domus Ang\u0101ri","robots":{"index":"index","follow":"follow","max-snippet":"max-snippet:-1","max-image-preview":"max-image-preview:large","max-video-preview":"max-video-preview:-1"},"canonical":"https:\/\/domusangari.lv\/lt\/socialine-atsakomybe\/","og_locale":"lt_LT","og_type":"article","og_title":"Socialin\u0117 atsakomyb\u0117 - Domus Ang\u0101ri","og_description":"Socialin\u0117 atsakomyb\u0117 &#8222;Domus Ang\u0101ri&#8221; yra socialiai atsakinga \u012fmon\u0117 &#8211; kiekvien\u0105 m\u0117nes\u012f padedame kelioms \u0161eimoms visoje Latvijoje. Paramos paskirtis \u012fvairi &#8211; remontui, maistui, mokyklin\u0117ms prek\u0117ms, kompiuteriams ir \u012fvairiais kitais b\u016bdais pad\u0117ti pagerinti ma\u017eas pajamas gaunan\u010di\u0173 \u0161eim\u0173 gyvenim\u0105, kasdienyb\u0119 ir s\u0105lygas Latvijoje. Taip pat kvie\u010diame savo bendradarbiavimo partnerius ir kolegas prisijungti prie m\u016bs\u0173 ger\u0173 darb\u0173, kad kartu [&hellip;]","og_url":"https:\/\/domusangari.lv\/lt\/socialine-atsakomybe\/","og_site_name":"Domus Ang\u0101ri","article_modified_time":"2023-06-26T11:58:34+00:00","twitter_card":"summary_large_image","schema":{"@context":"https:\/\/schema.org","@graph":[{"@type":"WebPage","@id":"https:\/\/domusangari.lv\/lt\/socialine-atsakomybe\/","url":"https:\/\/domusangari.lv\/lt\/socialine-atsakomybe\/","name":"Socialin\u0117 atsakomyb\u0117 - Domus Ang\u0101ri","isPartOf":{"@id":"https:\/\/domusangari.lv\/lt\/#website"},"datePublished":"2023-06-26T11:58:33+00:00","dateModified":"2023-06-26T11:58:34+00:00","breadcrumb":{"@id":"https:\/\/domusangari.lv\/lt\/socialine-atsakomybe\/#breadcrumb"},"inLanguage":"lt-LT","potentialAction":[{"@type":"ReadAction","target":["https:\/\/domusangari.lv\/lt\/socialine-atsakomybe\/"]}]},{"@type":"BreadcrumbList","@id":"https:\/\/domusangari.lv\/lt\/socialine-atsakomybe\/#breadcrumb","itemListElement":[{"@type":"ListItem","position":1,"name":"Home","item":"https:\/\/domusangari.lv\/lt\/"},{"@type":"ListItem","position":2,"name":"Socialin\u0117 atsakomyb\u0117"}]},{"@type":"WebSite","@id":"https:\/\/domusangari.lv\/lt\/#website","url":"https:\/\/domusangari.lv\/lt\/","name":"Domus Ang\u0101ri","description":"","publisher":{"@id":"https:\/\/domusangari.lv\/lt\/#organization"},"potentialAction":[{"@type":"SearchAction","target":{"@type":"EntryPoint","urlTemplate":"https:\/\/domusangari.lv\/lt\/?s={search_term_string}"},"query-input":{"@type":"PropertyValueSpecification","valueRequired":true,"valueName":"search_term_string"}}],"inLanguage":"lt-LT"},{"@type":"Organization","@id":"https:\/\/domusangari.lv\/lt\/#organization","name":"Domus Ang\u0101ri","url":"https:\/\/domusangari.lv\/lt\/","logo":{"@type":"ImageObject","inLanguage":"lt-LT","@id":"https:\/\/domusangari.lv\/lt\/#\/schema\/logo\/image\/","url":"https:\/\/domusangari.lv\/wp-content\/uploads\/2021\/05\/domus-logo-3.png","contentUrl":"https:\/\/domusangari.lv\/wp-content\/uploads\/2021\/05\/domus-logo-3.png","width":854,"height":404,"caption":"Domus Ang\u0101ri"},"image":{"@id":"https:\/\/domusangari.lv\/lt\/#\/schema\/logo\/image\/"}}]}},"_links":{"self":[{"href":"https:\/\/domusangari.lv\/lt\/wp-json\/wp\/v2\/pages\/30276","targetHints":{"allow":["GET"]}}],"collection":[{"href":"https:\/\/domusangari.lv\/lt\/wp-json\/wp\/v2\/pages"}],"about":[{"href":"https:\/\/domusangari.lv\/lt\/wp-json\/wp\/v2\/types\/page"}],"author":[{"embeddable":true,"href":"https:\/\/domusangari.lv\/lt\/wp-json\/wp\/v2\/users\/1"}],"replies":[{"embeddable":true,"href":"https:\/\/domusangari.lv\/lt\/wp-json\/wp\/v2\/comments?post=30276"}],"version-history":[{"count":1,"href":"https:\/\/domusangari.lv\/lt\/wp-json\/wp\/v2\/pages\/30276\/revisions"}],"predecessor-version":[{"id":30282,"href":"https:\/\/domusangari.lv\/lt\/wp-json\/wp\/v2\/pages\/30276\/revisions\/30282"}],"wp:attachment":[{"href":"https:\/\/domusangari.lv\/lt\/wp-json\/wp\/v2\/media?parent=30276"}],"curies":[{"name":"wp","href":"https:\/\/api.w.org\/{rel}","templated":true}]}}